{"id":424,"date":"2024-07-29T01:54:43","date_gmt":"2024-07-29T01:54:43","guid":{"rendered":"https:\/\/sgstekstil.com.tr\/?page_id=424"},"modified":"2024-07-29T01:54:43","modified_gmt":"2024-07-29T01:54:43","slug":"surdurulebilirlik-politikamiz-2","status":"publish","type":"page","link":"https:\/\/sgstekstil.com.tr\/?page_id=424","title":{"rendered":"S\u00fcrd\u00fcr\u00fclebilirlik Politikam\u0131z"},"content":{"rendered":"","protected":false},"excerpt":{"rendered":"","protected":false},"author":1,"featured_media":0,"parent":0,"menu_order":0,"comment_status":"closed","ping_status":"closed","template":"surdurulebilirlik-politakimiz","meta":{"footnotes":""},"class_list":["post-424","page","type-page","status-publish","hentry"],"_links":{"self":[{"href":"https:\/\/sgstekstil.com.tr\/index.php?rest_route=\/wp\/v2\/pages\/424","targetHints":{"allow":["GET"]}}],"collection":[{"href":"https:\/\/sgstekstil.com.tr\/index.php?rest_route=\/wp\/v2\/pages"}],"about":[{"href":"https:\/\/sgstekstil.com.tr\/index.php?rest_route=\/wp\/v2\/types\/page"}],"author":[{"embeddable":true,"href":"https:\/\/sgstekstil.com.tr\/index.php?rest_route=\/wp\/v2\/users\/1"}],"replies":[{"embeddable":true,"href":"https:\/\/sgstekstil.com.tr\/index.php?rest_route=%2Fwp%2Fv2%2Fcomments&post=424"}],"version-history":[{"count":1,"href":"https:\/\/sgstekstil.com.tr\/index.php?rest_route=\/wp\/v2\/pages\/424\/revisions"}],"predecessor-version":[{"id":426,"href":"https:\/\/sgstekstil.com.tr\/index.php?rest_route=\/wp\/v2\/pages\/424\/revisions\/426"}],"wp:attachment":[{"href":"https:\/\/sgstekstil.com.tr\/index.php?rest_route=%2Fwp%2Fv2%2Fmedia&parent=424"}],"curies":[{"name":"wp","href":"https:\/\/api.w.org\/{rel}","templated":true}]}}