{"id":167,"date":"2024-07-22T00:43:40","date_gmt":"2024-07-22T00:43:40","guid":{"rendered":"https:\/\/sgstekstil.com.tr\/?page_id=167"},"modified":"2024-07-22T00:43:40","modified_gmt":"2024-07-22T00:43:40","slug":"insan-kaynaklari-ve-yonetim","status":"publish","type":"page","link":"https:\/\/sgstekstil.com.tr\/?page_id=167","title":{"rendered":"\u0130nsan Kaynaklar\u0131 ve Y\u00f6netim"},"content":{"rendered":"","protected":false},"excerpt":{"rendered":"","protected":false},"author":1,"featured_media":0,"parent":0,"menu_order":0,"comment_status":"closed","ping_status":"closed","template":"about","meta":{"footnotes":""},"class_list":["post-167","page","type-page","status-publish","hentry"],"_links":{"self":[{"href":"https:\/\/sgstekstil.com.tr\/index.php?rest_route=\/wp\/v2\/pages\/167","targetHints":{"allow":["GET"]}}],"collection":[{"href":"https:\/\/sgstekstil.com.tr\/index.php?rest_route=\/wp\/v2\/pages"}],"about":[{"href":"https:\/\/sgstekstil.com.tr\/index.php?rest_route=\/wp\/v2\/types\/page"}],"author":[{"embeddable":true,"href":"https:\/\/sgstekstil.com.tr\/index.php?rest_route=\/wp\/v2\/users\/1"}],"replies":[{"embeddable":true,"href":"https:\/\/sgstekstil.com.tr\/index.php?rest_route=%2Fwp%2Fv2%2Fcomments&post=167"}],"version-history":[{"count":1,"href":"https:\/\/sgstekstil.com.tr\/index.php?rest_route=\/wp\/v2\/pages\/167\/revisions"}],"predecessor-version":[{"id":169,"href":"https:\/\/sgstekstil.com.tr\/index.php?rest_route=\/wp\/v2\/pages\/167\/revisions\/169"}],"wp:attachment":[{"href":"https:\/\/sgstekstil.com.tr\/index.php?rest_route=%2Fwp%2Fv2%2Fmedia&parent=167"}],"curies":[{"name":"wp","href":"https:\/\/api.w.org\/{rel}","templated":true}]}}